{"id":806,"date":"2023-07-28T13:42:06","date_gmt":"2023-07-28T06:42:06","guid":{"rendered":"https:\/\/namhuydongthap.com\/?page_id=806"},"modified":"2023-07-28T13:56:38","modified_gmt":"2023-07-28T06:56:38","slug":"certification","status":"publish","type":"page","link":"https:\/\/namhuydongthap.com\/en\/certification\/","title":{"rendered":"Certification"},"content":{"rendered":"<p>[vc_row][vc_column][vc_column_text]Qua nhi\u1ec1u n\u0103m ho\u1ea1t \u0111\u1ed9ng, c\u00f4ng ty v\u1eabn lu\u00f4n gi\u1eef v\u1eefng ph\u01b0\u01a1ng ch\u00e2m xem ti\u00eau ch\u00ed t\u00edn nhi\u1ec7m c\u1ee7a kh\u00e1ch h\u00e0ng l\u00e0 \u0111\u1ed9ng l\u1ef1c \u0111\u1ec3 ng\u00e0y c\u00e0ng ho\u00e0n thi\u1ec7n v\u00e0 ph\u00e1t tri\u1ec3n. S\u1ef1 t\u00edn nhi\u1ec7m c\u1ee7a kh\u00e1ch h\u00e0ng th\u1ec3 hi\u1ec7n b\u1eb1ng c\u00e1c ch\u1ee9ng nh\u1eadn m\u00e0 Nam Huy nh\u1eadn \u0111\u01b0\u1ee3c.[\/vc_column_text][\/vc_column][\/vc_row][vc_row][vc_column width=&#8221;1\/4&#8243;][vc_single_image image=&#8221;782&#8243; img_size=&#8221;full&#8221; onclick=&#8221;link_image&#8221; css_animation=&#8221;fadeIn&#8221;][\/vc_column][vc_column width=&#8221;1\/4&#8243;][vc_single_image image=&#8221;783&#8243; img_size=&#8221;full&#8221; onclick=&#8221;link_image&#8221; css_animation=&#8221;fadeIn&#8221;][\/vc_column][vc_column width=&#8221;1\/4&#8243;][vc_single_image image=&#8221;784&#8243; img_size=&#8221;full&#8221; onclick=&#8221;link_image&#8221; css_animation=&#8221;fadeIn&#8221;][\/vc_column][vc_column width=&#8221;1\/4&#8243;][vc_single_image image=&#8221;785&#8243; img_size=&#8221;full&#8221; onclick=&#8221;link_image&#8221; css_animation=&#8221;fadeIn&#8221;][\/vc_column][\/vc_row][vc_row][vc_column][vc_empty_space height=&#8221;60px&#8221;][\/vc_column][\/vc_row][vc_row][vc_column width=&#8221;1\/4&#8243;][vc_single_image image=&#8221;787&#8243; img_size=&#8221;full&#8221; onclick=&#8221;link_image&#8221; css_animation=&#8221;fadeIn&#8221;][\/vc_column][vc_column width=&#8221;1\/4&#8243;][vc_single_image image=&#8221;788&#8243; img_size=&#8221;full&#8221; onclick=&#8221;link_image&#8221; css_animation=&#8221;fadeIn&#8221;][\/vc_column][vc_column width=&#8221;1\/4&#8243;][vc_single_image image=&#8221;795&#8243; img_size=&#8221;full&#8221; onclick=&#8221;link_image&#8221; css_animation=&#8221;fadeIn&#8221;][\/vc_column][vc_column width=&#8221;1\/4&#8243;][\/vc_column][\/vc_row]<\/p>\n","protected":false},"excerpt":{"rendered":"<p>[vc_row][vc_column][vc_column_text]Qua nhi\u1ec1u n\u0103m ho\u1ea1t \u0111\u1ed9ng, c\u00f4ng ty v\u1eabn lu\u00f4n gi\u1eef v\u1eefng ph\u01b0\u01a1ng ch\u00e2m xem ti\u00eau ch\u00ed t\u00edn nhi\u1ec7m c\u1ee7a kh\u00e1ch h\u00e0ng l\u00e0 \u0111\u1ed9ng l\u1ef1c \u0111\u1ec3 ng\u00e0y c\u00e0ng ho\u00e0n thi\u1ec7n v\u00e0 ph\u00e1t tri\u1ec3n. S\u1ef1 t\u00edn nhi\u1ec7m c\u1ee7a kh\u00e1ch h\u00e0ng th\u1ec3 hi\u1ec7n b\u1eb1ng c\u00e1c ch\u1ee9ng nh\u1eadn m\u00e0 Nam Huy nh\u1eadn \u0111\u01b0\u1ee3c.[\/vc_column_text][\/vc_column][\/vc_row][vc_row][vc_column width=&#8221;1\/4&#8243;][vc_single_image image=&#8221;782&#8243; img_size=&#8221;full&#8221; onclick=&#8221;link_image&#8221; css_animation=&#8221;fadeIn&#8221;][\/vc_column][vc_column width=&#8221;1\/4&#8243;][vc_single_image<\/p>\n","protected":false},"author":1,"featured_media":0,"parent":0,"menu_order":0,"comment_status":"closed","ping_status":"closed","template":"page-templates\/fullwidthpage.php","meta":[],"yoast_head":"<!-- This site is optimized with the Yoast SEO plugin v16.0.2 - https:\/\/yoast.com\/wordpress\/plugins\/seo\/ -->\n<title>Certification - NAM HUY \u0110\u1ed2NG TH\u00c1P<\/title>\n<link rel=\"canonical\" href=\"https:\/\/namhuydongthap.com\/en\/certification\/\" \/>\n<meta property=\"og:locale\" content=\"en_US\" \/>\n<meta property=\"og:type\" content=\"article\" \/>\n<meta property=\"og:title\" content=\"Certification - NAM HUY \u0110\u1ed2NG TH\u00c1P\" \/>\n<meta property=\"og:description\" content=\"[vc_row][vc_column][vc_column_text]Qua nhi\u1ec1u n\u0103m ho\u1ea1t \u0111\u1ed9ng, c\u00f4ng ty v\u1eabn lu\u00f4n gi\u1eef v\u1eefng ph\u01b0\u01a1ng ch\u00e2m xem ti\u00eau ch\u00ed t\u00edn nhi\u1ec7m c\u1ee7a kh\u00e1ch h\u00e0ng l\u00e0 \u0111\u1ed9ng l\u1ef1c \u0111\u1ec3 ng\u00e0y c\u00e0ng ho\u00e0n thi\u1ec7n v\u00e0 ph\u00e1t tri\u1ec3n. S\u1ef1 t\u00edn nhi\u1ec7m c\u1ee7a kh\u00e1ch h\u00e0ng th\u1ec3 hi\u1ec7n b\u1eb1ng c\u00e1c ch\u1ee9ng nh\u1eadn m\u00e0 Nam Huy nh\u1eadn \u0111\u01b0\u1ee3c.[\/vc_column_text][\/vc_column][\/vc_row][vc_row][vc_column width=&#8221;1\/4&#8243;][vc_single_image image=&#8221;782&#8243; img_size=&#8221;full&#8221; onclick=&#8221;link_image&#8221; css_animation=&#8221;fadeIn&#8221;][\/vc_column][vc_column width=&#8221;1\/4&#8243;][vc_single_image\" \/>\n<meta property=\"og:url\" content=\"https:\/\/namhuydongthap.com\/en\/certification\/\" \/>\n<meta property=\"og:site_name\" content=\"NAM HUY \u0110\u1ed2NG TH\u00c1P\" \/>\n<meta property=\"article:modified_time\" content=\"2023-07-28T06:56:38+00:00\" \/>\n<meta name=\"twitter:card\" content=\"summary_large_image\" \/>\n<meta name=\"twitter:label1\" content=\"Est. reading time\">\n\t<meta name=\"twitter:data1\" content=\"1 minute\">\n<script type=\"application\/ld+json\" class=\"yoast-schema-graph\">{\"@context\":\"https:\/\/schema.org\",\"@graph\":[{\"@type\":\"WebSite\",\"@id\":\"https:\/\/namhuydongthap.com\/en\/#website\",\"url\":\"https:\/\/namhuydongthap.com\/en\/\",\"name\":\"NAM HUY \\u0110\\u1ed2NG TH\\u00c1P\",\"description\":\"Chuy\\u00ean tr\\u00e1i c\\u00e2y s\\u1ea5y c\\u00e1c lo\\u1ea1i\",\"potentialAction\":[{\"@type\":\"SearchAction\",\"target\":\"https:\/\/namhuydongthap.com\/en\/?s={search_term_string}\",\"query-input\":\"required name=search_term_string\"}],\"inLanguage\":\"en-US\"},{\"@type\":\"WebPage\",\"@id\":\"https:\/\/namhuydongthap.com\/en\/certification\/#webpage\",\"url\":\"https:\/\/namhuydongthap.com\/en\/certification\/\",\"name\":\"Certification - NAM HUY \\u0110\\u1ed2NG TH\\u00c1P\",\"isPartOf\":{\"@id\":\"https:\/\/namhuydongthap.com\/en\/#website\"},\"datePublished\":\"2023-07-28T06:42:06+00:00\",\"dateModified\":\"2023-07-28T06:56:38+00:00\",\"breadcrumb\":{\"@id\":\"https:\/\/namhuydongthap.com\/en\/certification\/#breadcrumb\"},\"inLanguage\":\"en-US\",\"potentialAction\":[{\"@type\":\"ReadAction\",\"target\":[\"https:\/\/namhuydongthap.com\/en\/certification\/\"]}]},{\"@type\":\"BreadcrumbList\",\"@id\":\"https:\/\/namhuydongthap.com\/en\/certification\/#breadcrumb\",\"itemListElement\":[{\"@type\":\"ListItem\",\"position\":1,\"item\":{\"@type\":\"WebPage\",\"@id\":\"https:\/\/namhuydongthap.com\/en\/\",\"url\":\"https:\/\/namhuydongthap.com\/en\/\",\"name\":\"Trang ch\\u1ee7\"}},{\"@type\":\"ListItem\",\"position\":2,\"item\":{\"@type\":\"WebPage\",\"@id\":\"https:\/\/namhuydongthap.com\/en\/certification\/\",\"url\":\"https:\/\/namhuydongthap.com\/en\/certification\/\",\"name\":\"Certification\"}}]}]}<\/script>\n<!-- \/ Yoast SEO plugin. -->","_links":{"self":[{"href":"https:\/\/namhuydongthap.com\/en\/wp-json\/wp\/v2\/pages\/806"}],"collection":[{"href":"https:\/\/namhuydongthap.com\/en\/wp-json\/wp\/v2\/pages"}],"about":[{"href":"https:\/\/namhuydongthap.com\/en\/wp-json\/wp\/v2\/types\/page"}],"author":[{"embeddable":true,"href":"https:\/\/namhuydongthap.com\/en\/wp-json\/wp\/v2\/users\/1"}],"replies":[{"embeddable":true,"href":"https:\/\/namhuydongthap.com\/en\/wp-json\/wp\/v2\/comments?post=806"}],"version-history":[{"count":5,"href":"https:\/\/namhuydongthap.com\/en\/wp-json\/wp\/v2\/pages\/806\/revisions"}],"predecessor-version":[{"id":815,"href":"https:\/\/namhuydongthap.com\/en\/wp-json\/wp\/v2\/pages\/806\/revisions\/815"}],"wp:attachment":[{"href":"https:\/\/namhuydongthap.com\/en\/wp-json\/wp\/v2\/media?parent=806"}],"curies":[{"name":"wp","href":"https:\/\/api.w.org\/{rel}","templated":true}]}}