{"id":299,"date":"2021-03-16T22:06:01","date_gmt":"2021-03-16T15:06:01","guid":{"rendered":"http:\/\/namhuy.southteam.studio\/?page_id=299"},"modified":"2023-07-28T14:06:31","modified_gmt":"2023-07-28T07:06:31","slug":"about-us","status":"publish","type":"page","link":"https:\/\/namhuydongthap.com\/en\/about-us\/","title":{"rendered":"About Us"},"content":{"rendered":"<p>[vc_row][vc_column][vc_custom_heading text=&#8221;CTY TNHH MTV NAM HUY \u0110\u1ed2NG TH\u00c1P &#8211; T\u1ef1 h\u00e0o b\u1ea3n s\u1eafc tr\u00e1i c\u00e2y s\u1ea5y \u0111\u1ecba ph\u01b0\u01a1ng&#8221; use_theme_fonts=&#8221;yes&#8221; el_class=&#8221;text-uppercase&#8221;][vc_column_text]<em>\u0110\u01b0\u1ee3c xem l\u00e0 ng\u01b0\u1eddi anh c\u1ea3 trong ng\u00e0nh s\u1ea3n xu\u1ea5t c\u00e1c m\u1eb7t h\u00e0ng tr\u00e1i c\u00e2y s\u1ea5y kh\u00f4, C\u00f4ng ty TNHH MTV Nam Huy \u0110\u1ed3ng Th\u00e1p kh\u00f4ng ch\u1ec9 kh\u1eb3ng \u0111\u1ecbnh m\u00ecnh l\u00e0 m\u1ed9t th\u01b0\u01a1ng hi\u1ec7u uy t\u00edn m\u00e0 c\u00f2n h\u1ee9a h\u1eb9n s\u1ebd tr\u1edf th\u00e0nh m\u1ed9t \u201c\u00f4ng l\u1edbn\u201d tr\u00ean th\u1ecb tr\u01b0\u1eddng tr\u00e1i c\u00e2y s\u1ea5y trong v\u00e0 ngo\u00e0i n\u01b0\u1edbc.\u00a0<\/em><\/p>\n<p>C\u00f4ng ty TNHH MTV Nam Huy \u0110\u1ed3ng Th\u00e1p (C\u00f4ng ty Nam Huy) c\u00f3 ti\u1ec1n th\u00e2n l\u00e0 c\u01a1 s\u1edf chuy\u00ean ph\u00e2n ph\u1ed1i c\u00e1c m\u1eb7t h\u00e0ng n\u00f4ng s\u1ea3n t\u1ea1i \u0111\u1ecba ph\u01b0\u01a1ng nh\u01b0: sen, m\u00edt, chu\u1ed1i, khoai lang&#8230; do \u00f4ng Hu\u1ef3nh V\u0103n Hi\u1ec7p s\u00e1ng l\u1eadp.<\/p>\n<p>Nh\u1eefng b\u01b0\u1edbc \u0111i ban \u0111\u1ea7u c\u1ee7a C\u00f4ng ty Nam Huy, cho \u0111\u1ebfn nay \u0111\u00e3 tr\u1edf n\u00ean v\u1eefng ch\u1eafc h\u01a1n, b\u1ea3n l\u0129nh h\u01a1n l\u00e0 d\u1ef1a v\u00e0o s\u1ef1 tinh t\u01b0\u1eddng v\u00e0 con m\u1eaft kinh t\u1ebf c\u1ee7a ng\u01b0\u1eddi \u0111\u1ee9ng \u0111\u1ea7u. \u00d4ng Hi\u1ec7p \u0111\u00e3 s\u1edbm nh\u1eadn ra ti\u1ec1m n\u0103ng c\u1ee7a th\u1ecb tr\u01b0\u1eddng tr\u00e1i c\u00e2y s\u1ea5y kh\u00f4, v\u1edbi ngu\u1ed3n nguy\u00ean li\u1ec7u tr\u00e1i c\u00e2y d\u1ed3i d\u00e0o t\u1ea1i \u0111\u1ecba ph\u01b0\u01a1ng c\u00f9ng c\u00e1c huy\u1ec7n l\u00e2n c\u1eadn. V\u00e0 v\u1edbi n\u1ed7 l\u1ef1c kh\u00f4ng ng\u1eebng trong qu\u00e1 tr\u00ecnh nghi\u00ean c\u1ee9u m\u1edf r\u1ed9ng s\u1ea3n xu\u1ea5t, n\u00e2ng cao ch\u1ea5t l\u01b0\u1ee3ng s\u1ea3n ph\u1ea9m, d\u1ed3n h\u1ebft c\u00e1i t\u00e2m c\u1ee7a m\u1ed9t doanh nghi\u1ec7p v\u00e0o s\u1ee9 m\u1ec7nh ph\u1ee5c v\u1ee5 ng\u01b0\u1eddi ti\u00eau d\u00f9ng, \u00f4ng Hi\u1ec7p \u0111\u00e3 \u0111\u01b0a\u00a0<strong>C\u00f4ng ty Nam Huy tr\u1edf th\u00e0nh th\u01b0\u01a1ng hi\u1ec7u \u201c\u0111\u00f3ng \u0111inh\u201d trong l\u00f2ng nh\u1eefng th\u1ef1c kh\u00e1ch \u0111\u00e3 t\u1eebng n\u1ebfm qua h\u01b0\u01a1ng v\u1ecb tr\u00e1i c\u00e2y s\u1ea5y tuy\u1ec7t h\u1ea3o n\u00e0y.\u00a0<\/strong>[\/vc_column_text][vc_single_image image=&#8221;276&#8243; img_size=&#8221;full&#8221; alignment=&#8221;center&#8221;][vc_column_text]<\/p>\n<div class=\"wpb_text_column wpb_content_element \">\n<div class=\"wpb_wrapper\">\n<p>Qua nhi\u1ec1u n\u0103m ho\u1ea1t \u0111\u1ed9ng, c\u00f4ng ty v\u1eabn lu\u00f4n gi\u1eef v\u1eefng ph\u01b0\u01a1ng ch\u00e2m xem ti\u00eau ch\u00ed t\u00edn nhi\u1ec7m c\u1ee7a kh\u00e1ch h\u00e0ng l\u00e0 \u0111\u1ed9ng l\u1ef1c \u0111\u1ec3 ng\u00e0y c\u00e0ng ho\u00e0n thi\u1ec7n v\u00e0 ph\u00e1t tri\u1ec3n. S\u1ef1 t\u00edn nhi\u1ec7m c\u1ee7a kh\u00e1ch h\u00e0ng \u0111\u00e3 ti\u1ebfp th\u00eam r\u1ea5t nhi\u1ec1u \u0111\u1ed9ng l\u1ef1c g\u00f3p ph\u1ea7n cho ra m\u1eaft nhi\u1ec1u lo\u1ea1i th\u1ef1c ph\u1ea9m s\u1ea5y kh\u00f4 kh\u00e1c, \u0111a d\u1ea1ng h\u01a1n cho s\u1ef1 l\u1ef1a ch\u1ecdn c\u1ee7a kh\u00e1ch h\u00e0ng nh\u01b0:\u00a0<strong><em>chu\u1ed1i, khoai m\u00f4n, h\u1ea1t sen, tim sen, c\u1ee7 sen, th\u01a1m, \u0111\u1eadu n\u00e0nh\u2026<\/em><\/strong><\/p>\n<p>B\u1ea5t c\u1ee9 ai, khi c\u1ea7m tr\u00ean tay s\u1ea3n ph\u1ea9m tr\u00e1i c\u00e2y s\u1ea5y c\u1ee7a Nam Huy, \u0111\u1ec1u c\u00f3 m\u1ed9t c\u1ea3m gi\u00e1c k\u00edch th\u00edch m\u1ea1nh m\u1ebd b\u1eb1ng th\u1ecb gi\u00e1c, v\u1edbi bao b\u00ec \u0111\u01b0\u1ee3c \u0111\u00f3ng g\u00f3i k\u1ef9 l\u01b0\u1ee1ng, m\u1eabu m\u00e3 t\u1ea1o s\u1ee9c h\u00fat. Tuy nhi\u00ean, khi b\u1eaft \u0111\u1ea7u m\u1edf g\u00f3i s\u1ea3n ph\u1ea9m, s\u1ef1 t\u01b0\u01a1i ngon c\u1ee7a t\u1eebng mi\u1ebfng tr\u00e1i c\u00e2y s\u1ea5y gi\u00f2n x\u1ed1p, h\u01b0\u01a1ng v\u1ecb th\u01a1m l\u1eebng mang nguy\u00ean v\u1eb9n m\u00f9i v\u1ecb c\u1ee7a tr\u00e1i c\u00e2y t\u01b0\u01a1i, sen th\u00ec ng\u1ecdt b\u00f9i, m\u00edt th\u00ec thanh thao, khoai m\u00f4n \u0111\u1ed9c \u0111\u00e1o\u2026 nh\u1ea5t \u0111\u1ecbnh kh\u00f4ng ch\u1ec9 l\u00e0m h\u00e0i l\u00f2ng th\u1ecb gi\u00e1c m\u00e0 c\u00f2n l\u00e0m h\u00e0i l\u00f2ng kh\u00e1ch h\u00e0ng b\u1eb1ng ch\u00ednh v\u1ecb gi\u00e1c, b\u1eb1ng ch\u1ea5t l\u01b0\u1ee3ng tr\u00e1i c\u00e2y s\u1ea5y m\u00e0 c\u00f4ng ty mang l\u1ea1i.<\/p>\n<\/div>\n<\/div>\n<div class=\"wpb_single_image wpb_content_element vc_align_center\">\n<figure class=\"wpb_wrapper vc_figure\">\n<div class=\"vc_single_image-wrapper vc_box_border_grey\"><img loading=\"lazy\" class=\"vc_single_image-img attachment-full\" src=\"https:\/\/namhuydongthap.com\/wp-content\/uploads\/2021\/03\/DT1-8b.jpeg\" sizes=\"(max-width: 640px) 100vw, 640px\" srcset=\"https:\/\/namhuydongthap.com\/wp-content\/uploads\/2021\/03\/DT1-8b.jpeg 640w, https:\/\/namhuydongthap.com\/wp-content\/uploads\/2021\/03\/DT1-8b-300x218.jpeg 300w, https:\/\/namhuydongthap.com\/wp-content\/uploads\/2021\/03\/DT1-8b-600x435.jpeg 600w\" alt=\"\" width=\"640\" height=\"464\" \/><\/div>\n<\/figure>\n<\/div>\n<div class=\"wpb_text_column wpb_content_element \">\n<div class=\"wpb_wrapper\">\n<p>B\u00ean c\u1ea1nh \u0111\u00f3,\u00a0<strong>m\u1ed9t y\u1ebfu t\u1ed1 then ch\u1ed1t quy\u1ebft \u0111\u1ecbnh \u0111\u1ebfn l\u00f2ng tin c\u1ee7a ng\u01b0\u1eddi d\u00f9ng \u0111\u1ed1i v\u1edbi c\u00f4ng ty ch\u00ednh l\u00e0 v\u1ec7 sinh an to\u00e0n th\u1ef1c ph\u1ea9m.<\/strong>\u00a0C\u00f4ng ty lu\u00f4n \u0111\u1eb7t m\u1ed1i quan t\u00e2m l\u1edbn \u0111\u1ebfn s\u1ee9c kh\u1ecfe v\u00e0 l\u1ee3i \u00edch c\u1ee7a ng\u01b0\u1eddi ti\u00eau d\u00f9ng. C\u00e1c s\u1ea3n ph\u1ea9m tr\u00e1i c\u00e2y s\u1ea5y \u0111\u1ebfn t\u1eeb th\u01b0\u01a1ng hi\u1ec7u Nam Huy \u0111\u1ec1u \u0111\u01b0\u1ee3c ch\u1ee9ng nh\u1eadn theo ti\u00eau chu\u1ea9n v\u1ec7 sinh an to\u00e0n th\u1ef1c ph\u1ea9m, s\u1eed d\u1ee5ng tr\u00e1i c\u00e2y ch\u00edn t\u01b0\u01a1i, kh\u00f4ng d\u00f9ng h\u00f3a ch\u1ea5t trong quy tr\u00ecnh s\u1ea3n xu\u1ea5t, mang \u0111\u1ebfn s\u1ef1 y\u00ean t\u00e2m tuy\u1ec7t \u0111\u1ed1i cho kh\u00e1ch h\u00e0ng.<\/p>\n<p>Ch\u00ednh v\u00ec s\u1ef1 xu\u1ea5t hi\u1ec7n qu\u00e1 ho\u00e0n h\u1ea3o c\u1ee7a m\u1ed9t \u201ct\u00e2n binh\u201d tr\u00ean th\u1ecb tr\u01b0\u1eddng tr\u00e1i c\u00e2y s\u1ea5y, m\u00e0 ng\u00e0y nay C\u00f4ng ty Nam Huy \u0111\u00e3 l\u00e0 m\u1ed9t \u201cc\u1ef1u binh\u201d v\u1ec1 c\u1ea3 quy m\u00f4 ho\u1ea1t \u0111\u1ed9ng. T\u1eeb vi\u1ec7c ch\u00e0o b\u00e1n \u1edf c\u00e1c ch\u1ee3, \u0111\u1ebfn nay s\u1ea3n ph\u1ea9m tr\u00e1i c\u00e2y s\u1ea5y c\u1ee7a c\u00f4ng ty \u0111\u00e3 xu\u1ea5t hi\u1ec7n t\u1ea1i m\u1ed9t s\u1ed1 si\u00eau th\u1ecb, trong c\u00e1c \u0111\u01a1n \u0111\u1eb7t h\u00e0ng \u0111\u1ebfn t\u1eeb H\u00e0 N\u1ed9i, m\u1ed9t s\u1ed1 t\u1ec9nh mi\u1ec1n Trung v\u1edbi m\u1eadt \u0111\u1ed9 kh\u00e1 d\u00e0y. Hi\u1ec7n nay, tr\u00e1i c\u00e2y s\u1ea5y c\u1ee7a c\u00f4ng ty c\u00f2n \u0111\u01b0\u1ee3c xu\u1ea5t kh\u1ea9u sang c\u00e1c th\u1ecb tr\u01b0\u1eddng: H\u00e0n Qu\u1ed1c, Malaysia, Th\u00e1i Lan\u2026 Th\u1eeba th\u1eafng x\u00f4ng l\u00ean, c\u00f4ng ty ti\u1ebfp t\u1ee5c \u0111\u1ea7u t\u01b0 k\u1ef9 l\u01b0\u1ee1ng h\u01a1n v\u1ec1 thi\u1ebft b\u1ecb, m\u00e1y m\u00f3c, th\u1ef1c hi\u1ec7n kh\u00e9p k\u00edn t\u1eeb kh\u00e2u s\u01a1 ch\u1ebf n\u00f4ng s\u1ea3n \u0111\u1ebfn kh\u00e2u th\u00e0nh ph\u1ea9m \u0111\u1ec3 \u0111\u00e1p \u1ee9ng m\u1ed9t kh\u1ed1i l\u01b0\u1ee3ng l\u1edbn s\u1ea3n ph\u1ea9m tr\u00e1i c\u00e2y s\u1ea5y cho th\u1ecb tr\u01b0\u1eddng trong v\u00e0 ngo\u00e0i n\u01b0\u1edbc. Trung b\u00ecnh m\u1ed7i th\u00e1ng, n\u0103ng l\u1ef1c s\u1ea3n xu\u1ea5t c\u1ee7a c\u00f4ng ty lu\u00f4n \u0111\u1ea1t tr\u00ean 10 t\u1ea5n. S\u1eafp t\u1edbi, C\u00f4ng ty Nam Huy s\u1ebd c\u00f2n ti\u1ebfp t\u1ee5c m\u1edf r\u1ed9ng nh\u00e0 x\u01b0\u1edfng, n\u00e2ng c\u1ea5p trang thi\u1ebft b\u1ecb \u0111\u1ec3 \u0111\u1ea1t \u0111\u1ebfn con s\u1ed1 35 t\u1ea5n s\u1ea3n ph\u1ea9m\/th\u00e1ng.<\/p>\n<p>Ngo\u00e0i vi\u1ec7c \u0111\u1ecbnh h\u01b0\u1edbng m\u1edf r\u1ed9ng \u0111\u1ea7u t\u01b0 c\u00f4ng ngh\u1ec7 v\u00e0 con ng\u01b0\u1eddi, \u0111a d\u1ea1ng h\u00f3a m\u1eabu m\u00e3 s\u1ea3n ph\u1ea9m v\u00e0 th\u00f4ng qua h\u1ee3p t\u00e1c x\u00e3 li\u00ean k\u1ebft v\u1edbi n\u00f4ng d\u00e2n th\u00ec vi\u1ec7c ch\u1ecdn gi\u1ed1ng c\u00e2y tr\u1ed3ng \u0111\u1ea1t ch\u1ea5t l\u01b0\u1ee3ng s\u1ea3n ph\u1ea9m cao, nh\u1eb1m ph\u1ee5c v\u1ee5 nhu c\u1ea7u c\u1ee7a ng\u01b0\u1eddi ti\u00eau d\u00f9ng, ph\u00e1t huy l\u1ee3i th\u1ebf ngu\u1ed3n nguy\u00ean li\u1ec7u d\u1ed3i d\u00e0o c\u1ee7a \u0111\u1ecba ph\u01b0\u01a1ng \u0111\u00e3 t\u1ea1o c\u00f4ng \u0103n vi\u1ec7c l\u00e0m cho ng\u01b0\u1eddi d\u00e2n, gi\u1ea3i quy\u1ebft vi\u1ec7c l\u00e0m cho h\u01a1n 500 lao \u0111\u1ed9ng, m\u1ed7i lao \u0111\u1ed9ng v\u1edbi m\u1ee9c thu nh\u1eadp t\u1eeb 3 tri\u1ec7u \u0111\u1ed3ng \u0111\u1ebfn 3,5 tri\u1ec7u \u0111\u1ed3ng \/ th\u00e1ng. T\u1ea1i c\u00e1c ph\u00e2n x\u01b0\u1edfng, t\u1ed5 ch\u1ee9c s\u1ea3n xu\u1ea5t, \u0111\u1ed9i ng\u0169 l\u00e0m vi\u1ec7c \u0111\u1ec1u mang tinh th\u1ea7n h\u0103ng h\u00e1i, tr\u00e1ch nhi\u1ec7m cao, v\u1edbi m\u1ee5c \u0111\u00edch ho\u00e0n th\u00e0nh t\u1ed1t c\u00f4ng vi\u1ec7c \u0111\u1ec3 lu\u00f4n \u0111\u1ea1t \u0111\u01b0\u1ee3c c\u00e1c ch\u1ec9 ti\u00eau, k\u1ebf ho\u1ea1ch \u0111\u1ec1 ra.<\/p>\n<\/div>\n<\/div>\n<p>[\/vc_column_text][\/vc_column][\/vc_row]<\/p>\n","protected":false},"excerpt":{"rendered":"<p>[vc_row][vc_column][vc_custom_heading text=&#8221;CTY TNHH MTV NAM HUY \u0110\u1ed2NG TH\u00c1P &#8211; T\u1ef1 h\u00e0o b\u1ea3n s\u1eafc tr\u00e1i c\u00e2y s\u1ea5y \u0111\u1ecba ph\u01b0\u01a1ng&#8221; use_theme_fonts=&#8221;yes&#8221; el_class=&#8221;text-uppercase&#8221;][vc_column_text]\u0110\u01b0\u1ee3c xem l\u00e0 ng\u01b0\u1eddi anh c\u1ea3 trong ng\u00e0nh s\u1ea3n xu\u1ea5t c\u00e1c m\u1eb7t h\u00e0ng tr\u00e1i c\u00e2y s\u1ea5y kh\u00f4, C\u00f4ng ty TNHH MTV Nam Huy \u0110\u1ed3ng Th\u00e1p kh\u00f4ng ch\u1ec9 kh\u1eb3ng \u0111\u1ecbnh m\u00ecnh l\u00e0 m\u1ed9t th\u01b0\u01a1ng hi\u1ec7u uy t\u00edn<\/p>\n","protected":false},"author":1,"featured_media":0,"parent":0,"menu_order":0,"comment_status":"closed","ping_status":"closed","template":"page-templates\/fullwidthpage.php","meta":[],"yoast_head":"<!-- This site is optimized with the Yoast SEO plugin v16.0.2 - https:\/\/yoast.com\/wordpress\/plugins\/seo\/ -->\n<title>About Us - NAM HUY \u0110\u1ed2NG TH\u00c1P<\/title>\n<link rel=\"canonical\" href=\"https:\/\/namhuydongthap.com\/en\/about-us\/\" \/>\n<meta property=\"og:locale\" content=\"en_US\" \/>\n<meta property=\"og:type\" content=\"article\" \/>\n<meta property=\"og:title\" content=\"About Us - NAM HUY \u0110\u1ed2NG TH\u00c1P\" \/>\n<meta property=\"og:description\" content=\"[vc_row][vc_column][vc_custom_heading text=&#8221;CTY TNHH MTV NAM HUY \u0110\u1ed2NG TH\u00c1P &#8211; T\u1ef1 h\u00e0o b\u1ea3n s\u1eafc tr\u00e1i c\u00e2y s\u1ea5y \u0111\u1ecba ph\u01b0\u01a1ng&#8221; use_theme_fonts=&#8221;yes&#8221; el_class=&#8221;text-uppercase&#8221;][vc_column_text]\u0110\u01b0\u1ee3c xem l\u00e0 ng\u01b0\u1eddi anh c\u1ea3 trong ng\u00e0nh s\u1ea3n xu\u1ea5t c\u00e1c m\u1eb7t h\u00e0ng tr\u00e1i c\u00e2y s\u1ea5y kh\u00f4, C\u00f4ng ty TNHH MTV Nam Huy \u0110\u1ed3ng Th\u00e1p kh\u00f4ng ch\u1ec9 kh\u1eb3ng \u0111\u1ecbnh m\u00ecnh l\u00e0 m\u1ed9t th\u01b0\u01a1ng hi\u1ec7u uy t\u00edn\" \/>\n<meta property=\"og:url\" content=\"https:\/\/namhuydongthap.com\/en\/about-us\/\" \/>\n<meta property=\"og:site_name\" content=\"NAM HUY \u0110\u1ed2NG TH\u00c1P\" \/>\n<meta property=\"article:modified_time\" content=\"2023-07-28T07:06:31+00:00\" \/>\n<meta property=\"og:image\" content=\"https:\/\/namhuydongthap.com\/wp-content\/uploads\/2021\/03\/DT1-8b.jpeg\" \/>\n<meta name=\"twitter:card\" content=\"summary_large_image\" \/>\n<meta name=\"twitter:label1\" content=\"Est. reading time\">\n\t<meta name=\"twitter:data1\" content=\"5 minutes\">\n<script type=\"application\/ld+json\" class=\"yoast-schema-graph\">{\"@context\":\"https:\/\/schema.org\",\"@graph\":[{\"@type\":\"WebSite\",\"@id\":\"https:\/\/namhuydongthap.com\/en\/#website\",\"url\":\"https:\/\/namhuydongthap.com\/en\/\",\"name\":\"NAM HUY \\u0110\\u1ed2NG TH\\u00c1P\",\"description\":\"Chuy\\u00ean tr\\u00e1i c\\u00e2y s\\u1ea5y c\\u00e1c lo\\u1ea1i\",\"potentialAction\":[{\"@type\":\"SearchAction\",\"target\":\"https:\/\/namhuydongthap.com\/en\/?s={search_term_string}\",\"query-input\":\"required name=search_term_string\"}],\"inLanguage\":\"en-US\"},{\"@type\":\"ImageObject\",\"@id\":\"https:\/\/namhuydongthap.com\/en\/about-us\/#primaryimage\",\"inLanguage\":\"en-US\",\"url\":\"https:\/\/namhuydongthap.com\/wp-content\/uploads\/2021\/03\/DT1-8b.jpeg\",\"width\":640,\"height\":464},{\"@type\":\"WebPage\",\"@id\":\"https:\/\/namhuydongthap.com\/en\/about-us\/#webpage\",\"url\":\"https:\/\/namhuydongthap.com\/en\/about-us\/\",\"name\":\"About Us - NAM HUY \\u0110\\u1ed2NG TH\\u00c1P\",\"isPartOf\":{\"@id\":\"https:\/\/namhuydongthap.com\/en\/#website\"},\"primaryImageOfPage\":{\"@id\":\"https:\/\/namhuydongthap.com\/en\/about-us\/#primaryimage\"},\"datePublished\":\"2021-03-16T15:06:01+00:00\",\"dateModified\":\"2023-07-28T07:06:31+00:00\",\"breadcrumb\":{\"@id\":\"https:\/\/namhuydongthap.com\/en\/about-us\/#breadcrumb\"},\"inLanguage\":\"en-US\",\"potentialAction\":[{\"@type\":\"ReadAction\",\"target\":[\"https:\/\/namhuydongthap.com\/en\/about-us\/\"]}]},{\"@type\":\"BreadcrumbList\",\"@id\":\"https:\/\/namhuydongthap.com\/en\/about-us\/#breadcrumb\",\"itemListElement\":[{\"@type\":\"ListItem\",\"position\":1,\"item\":{\"@type\":\"WebPage\",\"@id\":\"https:\/\/namhuydongthap.com\/en\/\",\"url\":\"https:\/\/namhuydongthap.com\/en\/\",\"name\":\"Trang ch\\u1ee7\"}},{\"@type\":\"ListItem\",\"position\":2,\"item\":{\"@type\":\"WebPage\",\"@id\":\"https:\/\/namhuydongthap.com\/en\/about-us\/\",\"url\":\"https:\/\/namhuydongthap.com\/en\/about-us\/\",\"name\":\"About Us\"}}]}]}<\/script>\n<!-- \/ Yoast SEO plugin. -->","_links":{"self":[{"href":"https:\/\/namhuydongthap.com\/en\/wp-json\/wp\/v2\/pages\/299"}],"collection":[{"href":"https:\/\/namhuydongthap.com\/en\/wp-json\/wp\/v2\/pages"}],"about":[{"href":"https:\/\/namhuydongthap.com\/en\/wp-json\/wp\/v2\/types\/page"}],"author":[{"embeddable":true,"href":"https:\/\/namhuydongthap.com\/en\/wp-json\/wp\/v2\/users\/1"}],"replies":[{"embeddable":true,"href":"https:\/\/namhuydongthap.com\/en\/wp-json\/wp\/v2\/comments?post=299"}],"version-history":[{"count":6,"href":"https:\/\/namhuydongthap.com\/en\/wp-json\/wp\/v2\/pages\/299\/revisions"}],"predecessor-version":[{"id":819,"href":"https:\/\/namhuydongthap.com\/en\/wp-json\/wp\/v2\/pages\/299\/revisions\/819"}],"wp:attachment":[{"href":"https:\/\/namhuydongthap.com\/en\/wp-json\/wp\/v2\/media?parent=299"}],"curies":[{"name":"wp","href":"https:\/\/api.w.org\/{rel}","templated":true}]}}